{"id":19,"date":"2015-01-05T21:06:57","date_gmt":"2015-01-05T19:06:57","guid":{"rendered":"http:\/\/cyprusremotesensing.com\/archaeology\/?page_id=19"},"modified":"2016-08-04T08:14:59","modified_gmt":"2016-08-04T06:14:59","slug":"applications","status":"publish","type":"page","link":"https:\/\/www.cyprusremotesensing.com\/archaeology\/applications\/","title":{"rendered":"Applications"},"content":{"rendered":"<div class=\"row\"><br \/>\n<div class=\"span4 \"><\/p>\n<p><div id=\"attachment_405\" style=\"width: 310px\" class=\"wp-caption alignleft\"><img aria-describedby=\"caption-attachment-405\" decoding=\"async\" loading=\"lazy\" class=\"wp-image-405\" src=\"http:\/\/www.cyprusremotesensing.com\/archaeology\/wp-content\/uploads\/2015\/01\/11-4-2011-5-49-32-AM-2741143.jpg\" alt=\"11-4-2011-5-49-32-AM-2741143\" width=\"300\" height=\"200\" srcset=\"https:\/\/www.cyprusremotesensing.com\/archaeology\/wp-content\/uploads\/2015\/01\/11-4-2011-5-49-32-AM-2741143.jpg 400w, https:\/\/www.cyprusremotesensing.com\/archaeology\/wp-content\/uploads\/2015\/01\/11-4-2011-5-49-32-AM-2741143-300x200.jpg 300w, https:\/\/www.cyprusremotesensing.com\/archaeology\/wp-content\/uploads\/2015\/01\/11-4-2011-5-49-32-AM-2741143-270x180.jpg 270w\" sizes=\"(max-width: 300px) 100vw, 300px\" \/><p id=\"caption-attachment-405\" class=\"wp-caption-text\">Kataliondas-Kourvellos, the rock knob<\/p><\/div><\/p>\n<p>&nbsp;<\/p>\n<p>&nbsp;<\/p>\n<p><\/div><div class=\"span5 \"><\/p>\n<h3>Identifying Slag at Kataliondas-Kourvellos, using hyperspectral imaging (2015)<\/h3>\n<p style=\"text-align: justify;\">The\u00a0application is related to a short-term, non-invasive field research project, relative to the identification of traces of ancient copper slag\u00a0in the wider area of Kataliondas-<em>Kourvellos,<\/em> in the lower Troodos foothills, as well as to the acquisition of the spectral signature of ancient slag.\u00a0The project is under the direction of Dr. Julien Beck (director of the Swiss Kataliondas-<em>Kourvellos<\/em> excavation, University of Geneva)\u00a0in collaboration to Cyprus University of Technology (CUT) and Prof. Bertrand Merminod from the \u00c9cole Polytechnique F\u00e9d\u00e9rale de Lausanne (EPFL).<\/p>\n<p><\/div><br \/>\n<\/div>\n<div class=\"row\"><br \/>\n<div class=\"span4 \"><\/p>\n<p><div id=\"attachment_109\" style=\"width: 310px\" class=\"wp-caption alignnone\"><img aria-describedby=\"caption-attachment-109\" decoding=\"async\" class=\"wp-image-109 size-medium\" src=\"http:\/\/cyprusremotesensing.com\/archaeology\/wp-content\/uploads\/2015\/01\/Kourion_orthophoto-300x212.jpg\" alt=\"Kourion_orthophoto\" width=\"300\" srcset=\"https:\/\/www.cyprusremotesensing.com\/archaeology\/wp-content\/uploads\/2015\/01\/Kourion_orthophoto-300x212.jpg 300w, https:\/\/www.cyprusremotesensing.com\/archaeology\/wp-content\/uploads\/2015\/01\/Kourion_orthophoto-1024x723.jpg 1024w, https:\/\/www.cyprusremotesensing.com\/archaeology\/wp-content\/uploads\/2015\/01\/Kourion_orthophoto.jpg 1459w\" sizes=\"(max-width: 300px) 100vw, 300px\" \/><p id=\"caption-attachment-109\" class=\"wp-caption-text\">Kourion orthophoto<\/p><\/div><\/p>\n<p><\/div><div class=\"span5 \"><\/p>\n<h3>Kourion Urban Space Project (KUSP)\u00a0\/ 2014<\/h3>\n<p style=\"text-align: justify;\">The\u00a0ARCH\u00a0team as consortium partner of the KUSP (directed by Dr. Thomas W. Davis of the Tandy Institute for Archaeology at Southwestern Baptist Theological Seminary in Fort Worth Texas, USA) completed a UAV low altitude flight above the archaeological site of the acropolis of ancient Kourion in Limassol District. The result of the flight was an orthophoto of high resolution, in combination with other identification techniques will permit planning and orientation for the forthcoming excavation seasons. Read more in <a href=\"https:\/\/pix4d.com\/making-a-world-heritage-site-perceptible-for-visually-impaired-people\/\" target=\"_blank\">PIX4D website<\/a><\/p>\n<p><\/div><br \/>\n<\/div>\n<div class=\"row\"><br \/>\n<div class=\"span4 \"><\/p>\n<p><div id=\"attachment_104\" style=\"width: 310px\" class=\"wp-caption alignnone\"><img aria-describedby=\"caption-attachment-104\" decoding=\"async\" class=\"wp-image-104\" src=\"http:\/\/cyprusremotesensing.com\/archaeology\/wp-content\/uploads\/2015\/01\/Kourion_theater-300x286.png\" alt=\"Kourion_theater\" width=\"300\" srcset=\"https:\/\/www.cyprusremotesensing.com\/archaeology\/wp-content\/uploads\/2015\/01\/Kourion_theater-300x286.png 300w, https:\/\/www.cyprusremotesensing.com\/archaeology\/wp-content\/uploads\/2015\/01\/Kourion_theater.png 350w\" sizes=\"(max-width: 300px) 100vw, 300px\" \/><p id=\"caption-attachment-104\" class=\"wp-caption-text\">3D printed sample of Kourion ancient Theater<\/p><\/div><\/p>\n<p><\/div><div class=\"span5 \"><\/p>\n<p style=\"text-align: justify;\">In addition to that, a 3D model of the ancient theater was printed by &#8220;CUTing Edge&#8221; of Cyprus University of Technology. The model is now exposed to the local Museum of Kourion, serving for educational reasons, being at the same time extremely useful for visually impaired people.<\/p>\n<p><span class=\"pullquote\"><span style=\"color: #ce233e;\">Managing Cultural Heritage Sites through Space and ground Technologies using Geographical Information Systems: A Pilot application at the archaeological sites of Paphos (RiskA)\u00a0\/ 2012-2014<\/span><\/span><\/p>\n<p style=\"text-align: justify;\">The general objective of the project included the development of a new methodology and framework for monitoring Cultural Heritage Sites and Monuments of a wider area. Integrating to the traditional site observation practice, in which the coverage is limited, the methodology developed for the needs of the present project, put together both satellite and ground innovative technologies (such as satellite images, LIDAR sensor, GIS, sun-photometers etc), in an effort of a more complete and distant monitoring and management tool.\u00a0Indeed, the project&#8217;s outcome\u00a0can be described as\u00a0a \u2018forecasting tool\u2019 for the protection and management of CH, endangered from anthropogenic and natural hazards. Such methodology can be integrated into the stakeholders decision-making process, so that preventative measures could be taken to reduce risks related to monuments. Furthermore, the proposal promotes sustainable development and protects CH using utterly non destructive methods.<\/p>\n<p style=\"text-align: justify;\">The research project was submitted and funded under the Framework Programme for Research, Technological Development and Innovation of the Research Promotion foundation and lasted for 2 years.<\/p>\n<p><\/div><br \/>\n<\/div>\n<div class=\"row\"><br \/>\n<div class=\"span4 \"><\/p>\n<p><div id=\"attachment_102\" style=\"width: 310px\" class=\"wp-caption alignleft\"><img aria-describedby=\"caption-attachment-102\" decoding=\"async\" class=\" wp-image-102\" src=\"http:\/\/cyprusremotesensing.com\/archaeology\/wp-content\/uploads\/2015\/01\/Riska_urbanSprawl-300x212.jpg\" alt=\"Riska_urbanSprawl\" width=\"300\" srcset=\"https:\/\/www.cyprusremotesensing.com\/archaeology\/wp-content\/uploads\/2015\/01\/Riska_urbanSprawl-300x212.jpg 300w, https:\/\/www.cyprusremotesensing.com\/archaeology\/wp-content\/uploads\/2015\/01\/Riska_urbanSprawl-1024x725.jpg 1024w\" sizes=\"(max-width: 300px) 100vw, 300px\" \/><p id=\"caption-attachment-102\" class=\"wp-caption-text\">Map indicating urban sprawl in the District, relative to the Monuments\/Archaeological Sites<\/p><\/div><\/p>\n<p><\/div><br \/>\n<div class=\"span5 \"><\/p>\n<h3>Mapping the ancient cemeteries of Tilliria region, Cyprus \/ 2008-2013<\/h3>\n<p style=\"text-align: justify;\">ARCH team accomplished the mapping of the ancient\u00a0cemeteries of Tilliria region. The project involved by the researches of the Lab, both archival and <em>in situ<\/em> survey.\u00a0The collected data were\u00a0introduced into a GIS environment for further analysis regarding the archaeo-landscape of Tilliria area. The project was conducted in collaboration with Kykkos Museum and the Department of Antiquities of Cyprus.<\/p>\n<p><\/div><br \/>\n<\/div>\n<div class=\"row\"><br \/>\n<div class=\"span4 \"><br \/>\n<img decoding=\"async\" class=\"alignnone wp-image-164\" src=\"http:\/\/cyprusremotesensing.com\/archaeology\/wp-content\/uploads\/2015\/01\/ApotiposiAvlis_2012-300x212.jpg\" alt=\"ApotiposiAvlis_2012\" width=\"300\" srcset=\"https:\/\/www.cyprusremotesensing.com\/archaeology\/wp-content\/uploads\/2015\/01\/ApotiposiAvlis_2012-300x212.jpg 300w, https:\/\/www.cyprusremotesensing.com\/archaeology\/wp-content\/uploads\/2015\/01\/ApotiposiAvlis_2012-1024x723.jpg 1024w, https:\/\/www.cyprusremotesensing.com\/archaeology\/wp-content\/uploads\/2015\/01\/ApotiposiAvlis_2012-624x441.jpg 624w\" sizes=\"(max-width: 300px) 100vw, 300px\" \/><br \/>\n<\/div><br \/>\n<div class=\"span5 \"><\/p>\n<h3>Documenting archaeological excavation of <em>Avli<\/em>, Pano Pyrgos Tillirias \/ 2008-on going<\/h3>\n<p style=\"text-align: justify;\">The archaeological excavation at the site <em>Avli<\/em> in the village of Pano Pyrgos Tillirias, a collaboration beween the Department of Antiquities of Cyprus and Kykkos Museum, started on 2008 and is still going on\u00a0following the\u00a0sporadic excavation seasons. The ARCH section of the Lab was involved from the beginning of the project, for the documentation and GIS analysis of the site.<\/p>\n<p><\/div><br \/>\n<\/div>\n<div class=\"row\"><br \/>\n<div class=\"span4 \"><\/p>\n<p><div id=\"attachment_110\" style=\"width: 310px\" class=\"wp-caption alignnone\"><img aria-describedby=\"caption-attachment-110\" decoding=\"async\" class=\"wp-image-110 size-medium\" src=\"http:\/\/cyprusremotesensing.com\/archaeology\/wp-content\/uploads\/2015\/01\/Sotera-Map-1-300x212.jpg\" alt=\"Sotera-Map-1\" width=\"300\" srcset=\"https:\/\/www.cyprusremotesensing.com\/archaeology\/wp-content\/uploads\/2015\/01\/Sotera-Map-1-300x212.jpg 300w, https:\/\/www.cyprusremotesensing.com\/archaeology\/wp-content\/uploads\/2015\/01\/Sotera-Map-1-1024x724.jpg 1024w\" sizes=\"(max-width: 300px) 100vw, 300px\" \/><p id=\"caption-attachment-110\" class=\"wp-caption-text\">General view of the ancient necropolis<\/p><\/div><\/p>\n<p><\/div><br \/>\n<div class=\"span5 \"><\/p>\n<h3>Sotira ancient necropolis Ammochostos\u00a0\/ 2014-on going<\/h3>\n<p style=\"text-align: justify;\">The ARCH\u00a0team\u00a0in collaboration with the Department of Antiquities of Cyprus, was involved in the safeguard of the ancient cemetery in Sotira village, at the locality <em>Mnimata ton Ellinon. <\/em>During the first phase of the project the mapping of the ancient cemetery, as well as the individual tombs was accomplished. The second phase of the project, still on going, regards the architectural documentation of the excavated <em>dromoi<\/em> that lead to the tombs, as well as some of the visible facades of the tombs.<\/p>\n<p><\/div><br \/>\n<\/div>\n<div class=\"row\"><br \/>\n<div class=\"span4 \"><\/p>\n<p><div id=\"attachment_120\" style=\"width: 310px\" class=\"wp-caption alignnone\"><img aria-describedby=\"caption-attachment-120\" decoding=\"async\" loading=\"lazy\" class=\"wp-image-120 size-medium\" src=\"http:\/\/cyprusremotesensing.com\/archaeology\/wp-content\/uploads\/2015\/01\/Ay.Sozomenos_area-of-interest_villages2-300x212.jpg\" alt=\"Ay.Sozomenos_area of interest_villages2\" width=\"300\" height=\"212\" srcset=\"https:\/\/www.cyprusremotesensing.com\/archaeology\/wp-content\/uploads\/2015\/01\/Ay.Sozomenos_area-of-interest_villages2-300x212.jpg 300w, https:\/\/www.cyprusremotesensing.com\/archaeology\/wp-content\/uploads\/2015\/01\/Ay.Sozomenos_area-of-interest_villages2-1024x724.jpg 1024w\" sizes=\"(max-width: 300px) 100vw, 300px\" \/><p id=\"caption-attachment-120\" class=\"wp-caption-text\">Ayios Sozomenos project, study area of the archaeolandscape mapping<\/p><\/div><\/p>\n<p><\/div><br \/>\n<div class=\"span5 \"><\/p>\n<h3>Ayios Sozomenos archaeological project \/ 2014-on going<\/h3>\n<p style=\"text-align: justify;\">An important archaeological excavation was initiated by the Department of Antiquities in 2012 (Director: Dr. D. Pilides) in the area of Ayios Sozomenos village. The\u00a0ARCH team\u00a0contribution is the development of the GIS of a wider area around Ayios Sozomenos excavations, in order to document the archaeological visibility of the area\u00a0and to make the appropriate analysis in a landscape level.<\/p>\n<p><\/div><br \/>\n<\/div>\n<div class=\"row\"><br \/>\n<div class=\"span4 \"><\/p>\n<p><div id=\"attachment_118\" style=\"width: 310px\" class=\"wp-caption alignnone\"><img aria-describedby=\"caption-attachment-118\" decoding=\"async\" loading=\"lazy\" class=\"wp-image-118 size-medium\" src=\"http:\/\/cyprusremotesensing.com\/archaeology\/wp-content\/uploads\/2015\/01\/Kolossi-Castle-300x258.jpg\" alt=\"Kolossi Castle\" width=\"300\" height=\"258\" srcset=\"https:\/\/www.cyprusremotesensing.com\/archaeology\/wp-content\/uploads\/2015\/01\/Kolossi-Castle-300x258.jpg 300w, https:\/\/www.cyprusremotesensing.com\/archaeology\/wp-content\/uploads\/2015\/01\/Kolossi-Castle.jpg 541w\" sizes=\"(max-width: 300px) 100vw, 300px\" \/><p id=\"caption-attachment-118\" class=\"wp-caption-text\">Aerial photographs of Colossi castle, Limassol<\/p><\/div><\/p>\n<p><\/div><br \/>\n<div class=\"span5 \"><\/p>\n<h3>Development of a low altitude airborne remote sensing system for supporting the processing of satellite remotely sensed data (ICAROS) \/ 2011-2012<\/h3>\n<p style=\"text-align: justify;\">In the ICAROS project several technologies have been merged in order to create an innovative low altitude airborne system supporting remote sensing and photogrammetric applications. Amongst the various application case studies of the project was the use of copter to document archaeological sites in Cyprus.<\/p>\n<p><\/div><br \/>\n<\/div>\n<div class=\"row\"><br \/>\n<div class=\"span4 \"><\/p>\n<p><div id=\"attachment_112\" style=\"width: 310px\" class=\"wp-caption alignnone\"><img aria-describedby=\"caption-attachment-112\" decoding=\"async\" loading=\"lazy\" class=\"wp-image-112 size-medium\" src=\"http:\/\/cyprusremotesensing.com\/archaeology\/wp-content\/uploads\/2015\/01\/Ay.Hrakleidios_PointCloud-300x154.jpg\" alt=\"Ay.Hrakleidios_PointCloud\" width=\"300\" height=\"154\" srcset=\"https:\/\/www.cyprusremotesensing.com\/archaeology\/wp-content\/uploads\/2015\/01\/Ay.Hrakleidios_PointCloud-300x154.jpg 300w, https:\/\/www.cyprusremotesensing.com\/archaeology\/wp-content\/uploads\/2015\/01\/Ay.Hrakleidios_PointCloud.jpg 621w\" sizes=\"(max-width: 300px) 100vw, 300px\" \/><p id=\"caption-attachment-112\" class=\"wp-caption-text\">Point cloud of Ayios Hrakleidios complex<\/p><\/div><\/p>\n<p><\/div><br \/>\n<div class=\"span5 \"><\/p>\n<h3>Documentation of the Holy Monastery of Ayios Hrakleidios, Politiko \/ 2014 &#8211; on going<\/h3>\n<p style=\"text-align: justify;\">In collaboration with the church committee the ARCH section\u00a0accomplished the detail documentation of the monastery including both the church and the underground tomb of saint Hrakleidios. Both laser scanner and photogrammetric techniques were applied.<\/p>\n<p><\/div><br \/>\n<\/div>\n<div class=\"row\"><br \/>\n<div class=\"span4 \"><br \/>\n<img decoding=\"async\" class=\"alignnone wp-image-128\" src=\"http:\/\/cyprusremotesensing.com\/archaeology\/wp-content\/uploads\/2015\/01\/Palaepaphos-2-300x200.jpg\" alt=\"Palaepaphos (2)\" width=\"300\" srcset=\"https:\/\/www.cyprusremotesensing.com\/archaeology\/wp-content\/uploads\/2015\/01\/Palaepaphos-2-300x200.jpg 300w, https:\/\/www.cyprusremotesensing.com\/archaeology\/wp-content\/uploads\/2015\/01\/Palaepaphos-2-1024x683.jpg 1024w, https:\/\/www.cyprusremotesensing.com\/archaeology\/wp-content\/uploads\/2015\/01\/Palaepaphos-2-624x416.jpg 624w\" sizes=\"(max-width: 300px) 100vw, 300px\" \/><br \/>\n<\/div><br \/>\n<div class=\"span5 \"><\/p>\n<h3>Palaepaphos Urban Plan \/ 2014-on going<\/h3>\n<p style=\"text-align: justify;\">UAV flights over Palaepaphos landscape (Coordinator: Prof. M. Iacovou) were applied in an effort of updating the existing topographical information. Further more, the documentation and 3D model at the end of each excavation season are being progressed.<\/p>\n<p><\/div><br \/>\n<\/div>\n<div class=\"row\"><br \/>\n<div class=\"span4 \"><\/p>\n<p><div id=\"attachment_155\" style=\"width: 310px\" class=\"wp-caption alignnone\"><img aria-describedby=\"caption-attachment-155\" decoding=\"async\" class=\"wp-image-155\" src=\"http:\/\/cyprusremotesensing.com\/archaeology\/wp-content\/uploads\/2015\/01\/NeaPafosCropMarks-300x257.jpg\" alt=\"NeaPafosCropMarks\" width=\"300\" srcset=\"https:\/\/www.cyprusremotesensing.com\/archaeology\/wp-content\/uploads\/2015\/01\/NeaPafosCropMarks-300x257.jpg 300w, https:\/\/www.cyprusremotesensing.com\/archaeology\/wp-content\/uploads\/2015\/01\/NeaPafosCropMarks-624x535.jpg 624w, https:\/\/www.cyprusremotesensing.com\/archaeology\/wp-content\/uploads\/2015\/01\/NeaPafosCropMarks.jpg 852w\" sizes=\"(max-width: 300px) 100vw, 300px\" \/><p id=\"caption-attachment-155\" class=\"wp-caption-text\">Spots identified through remote sensing techniques<\/p><\/div><\/p>\n<p><\/div><br \/>\n<div class=\"span5 \"><\/p>\n<h3>Unburied antiquities of Nea\u00a0Paphos \/ 2012-on going<\/h3>\n<p style=\"text-align: justify;\">Systematic observation both satellite and terrestrial of specific areas in Paphos town have been effectuated within the last years. The target is the detection and mapping of still unexcavated or reburied archaeological remains. As an outcome of the project a dramatic reduction of the visibility regarding buried remains was observed within the last 30 years, mainly due to change of land use.<\/p>\n<p><\/div><br \/>\n<\/div>\n<div class=\"row\"><br \/>\n<div class=\"span4 \"><br \/>\n<img decoding=\"async\" class=\"alignnone wp-image-175\" src=\"http:\/\/cyprusremotesensing.com\/archaeology\/wp-content\/uploads\/2015\/01\/Malia1-300x224.png\" alt=\"Malia1\" width=\"300\" srcset=\"https:\/\/www.cyprusremotesensing.com\/archaeology\/wp-content\/uploads\/2015\/01\/Malia1-300x224.png 300w, https:\/\/www.cyprusremotesensing.com\/archaeology\/wp-content\/uploads\/2015\/01\/Malia1-624x467.png 624w, https:\/\/www.cyprusremotesensing.com\/archaeology\/wp-content\/uploads\/2015\/01\/Malia1.png 900w\" sizes=\"(max-width: 300px) 100vw, 300px\" \/><br \/>\n<\/div><br \/>\n<div class=\"span5 \"><\/p>\n<h3>Malia Palace, Crete \/ 2012<\/h3>\n<p style=\"text-align: justify;\">A collaboration between FORTH, EFA and CUT led to the 3 dimensional documentation of the palatial complex at Malia site in Crete, Greece. The site had urgently to be documented in order to be reburied for protection. The laser scanning of the site led to an extremely detailed documentation of each architectural element and its components.<\/p>\n<p><\/div><br \/>\n<\/div>\n","protected":false},"excerpt":{"rendered":"","protected":false},"author":2,"featured_media":0,"parent":0,"menu_order":0,"comment_status":"closed","ping_status":"closed","template":"template-full-width.php","meta":[],"_links":{"self":[{"href":"https:\/\/www.cyprusremotesensing.com\/archaeology\/wp-json\/wp\/v2\/pages\/19"}],"collection":[{"href":"https:\/\/www.cyprusremotesensing.com\/archaeology\/wp-json\/wp\/v2\/pages"}],"about":[{"href":"https:\/\/www.cyprusremotesensing.com\/archaeology\/wp-json\/wp\/v2\/types\/page"}],"author":[{"embeddable":true,"href":"https:\/\/www.cyprusremotesensing.com\/archaeology\/wp-json\/wp\/v2\/users\/2"}],"replies":[{"embeddable":true,"href":"https:\/\/www.cyprusremotesensing.com\/archaeology\/wp-json\/wp\/v2\/comments?post=19"}],"version-history":[{"count":2,"href":"https:\/\/www.cyprusremotesensing.com\/archaeology\/wp-json\/wp\/v2\/pages\/19\/revisions"}],"predecessor-version":[{"id":528,"href":"https:\/\/www.cyprusremotesensing.com\/archaeology\/wp-json\/wp\/v2\/pages\/19\/revisions\/528"}],"wp:attachment":[{"href":"https:\/\/www.cyprusremotesensing.com\/archaeology\/wp-json\/wp\/v2\/media?parent=19"}],"curies":[{"name":"wp","href":"https:\/\/api.w.org\/{rel}","templated":true}]}}